{"id":20,"date":"2025-02-11T12:23:18","date_gmt":"2025-02-11T12:23:18","guid":{"rendered":"https:\/\/partner.qpmarkets.com\/celinalavendar\/?post_type=product&#038;p=20"},"modified":"2025-09-23T17:37:27","modified_gmt":"2025-09-23T17:37:27","slug":"new-earth-guidance-orakel-deck","status":"publish","type":"product","link":"https:\/\/partner.qpmarkets.com\/celinalavendar\/product\/new-earth-guidance-orakel-deck\/","title":{"rendered":"New Earth Guidance Orakel Deck"},"content":{"rendered":"<p>\ud83c\udf0e\ud83c\udf1fNew Earth Guidance Oracle \u2013 Eine Br\u00fccke zur Neuen Erde!\ud83c\udf1f\ud83c\udf0e<\/p>\n<p><\/p>\n<p>Das New Earth Guidance Orakel ist mehr als nur ein Kartendeck \u2013 es ist eine Br\u00fccke zu den Energien der Neuen Erde. Es hilft dir, dich mit deinem wahren Selbst zu verbinden, dein Bewusstsein zu erweitern, in den Einklang mit der nat\u00fcrlichen Ordnung des Lebens zu kommen und somit die Neue Erde aktiv mit zu erschaffen.<\/p>\n<p><\/p>\n<p>\ud83d\udd2e Was macht dieses Orakel so besonders?<\/p>\n<p><\/p>\n<p>Dieses Deck ist inspiriert von den Prinzipien, die in der neuen Zeit von Bedeutung sind: Bewusstsein, Heilung, Naturverbundenheit und innere F\u00fchrung. Jede Karte spiegelt eine Facette dieses Wandels wider und l\u00e4dt dich ein, tiefer in dein eigenes Wachstum einzutauchen.<\/p>\n<p><\/p>\n<p>Ein Schl\u00fcssel zu tiefer Erkenntnis, sanfter Heilung und neuen Perspektiven. Ob du nach Antworten suchst, Klarheit brauchst oder einfach Inspiration f\u00fcr deinen spirituellen Weg m\u00f6chtest \u2013 dieses Deck ist dein Begleiter f\u00fcr die neue Zeit.<\/p>\n<p><\/p>\n<p>Bist du bereit, die Botschaften der neuen Erde zu empfangen?&nbsp;<\/p>\n<p><\/p>\n<p>Infos zum Deck:<\/p>\n<p>&#8211; Kartengr\u00f6\u00dfe: (2.75&#8243; x 4.75&#8243; &#8211; 70mm x 121mm )<\/p>\n<p>\u2022 Zweisprachiges Deck Deutsch\/ Englisch<\/p>\n<p>\u2022 33 Karten<\/p>\n<p>\u2022 Begleitbuch zum scannen in Deutsch und Englisch<\/p>\n<p>\u2022 Englische Titel- 3 Zusatzkarten mit deutscher \u00dcbersetzung<\/p>\n<p>\u2022 Karten kommen in einem schwarzen Samtbeutel<\/p>\n<p><\/p>\n<p>Die Neue Erde ist mehr als nur eine Vision \u2013 sie ist ein Wandel in unserem Bewusstsein. Immer mehr Menschen sp\u00fcren, dass die alten Strukturen nicht mehr tragen und dass es an der Zeit ist, eine neue Realit\u00e4t zu erschaffen. Eine Realit\u00e4t, die auf Liebe, Verbundenheit und innerer Wahrheit basiert.<\/p>\n<p><\/p>\n<p>Die Neue Erde steckt bereits in dir und m\u00f6chte durch dich in diese Welt gebracht werden.<\/p>\n<p><\/p>\n<p>Das New Earth Guidance Deck soll wie ein treuer Begleiter an deiner Seite stehen und dich in diesen turbulenten Zeitenwandel und Paradigmenwechsel liebevoll unterst\u00fctzen und leiten.<\/p>\n<p>In die Neue Erde. In deine wahre Essenz.<\/p>\n<p><\/p>\n<p>Dieses Deck wurde mit viel Liebe von der Kartenlegerin Celina Lavendar f\u00fcr dich erschaffen.<\/p>\n<p><\/p>\n<p>\u2728 Hab viel Freude damit! \u2728<\/p>\n<p><\/p>\n<p>Anmerkung:<\/p>\n<p>Da die Karten aus \u00dcbersee kommen, dauert der Versand 14- 21 Tage.<\/p>\n<p>Je nach Region fallen zudem unterschiedliche Versandgeb\u00fchren und ggfls Zollkosten an.<\/p>\n<p><\/p>\n<p>Weitere Infos, wie das Deck entstanden ist und was der Hintergrund dieses Decks ist, findest du zudem auf meiner Webseite unter:<\/p>\n<p>https:\/\/www.celinalavendar.com\/newearthorakel<\/p>\n","protected":false},"excerpt":{"rendered":"<p>33 Orakelkarten inklusive PDF Begleitbuch zum scannen<\/p>\n","protected":false},"featured_media":60,"comment_status":"open","ping_status":"closed","template":"","meta":[],"product_cat":[15],"product_tag":[],"yoast_head":"<!-- This site is optimized with the Yoast SEO plugin v19.4 - https:\/\/yoast.com\/wordpress\/plugins\/seo\/ -->\n<title>New Earth Guidance Orakel Deck - Celina Lavendar<\/title>\n<meta name=\"robots\" content=\"index, follow, max-snippet:-1, max-image-preview:large, max-video-preview:-1\" \/>\n<link rel=\"canonical\" href=\"https:\/\/partner.qpmarkets.com\/celinalavendar\/product\/new-earth-guidance-orakel-deck\/\" \/>\n<meta property=\"og:locale\" content=\"en_US\" \/>\n<meta property=\"og:type\" content=\"article\" \/>\n<meta property=\"og:title\" content=\"New Earth Guidance Orakel Deck - Celina Lavendar\" \/>\n<meta property=\"og:description\" content=\"33 Orakelkarten inklusive PDF Begleitbuch zum scannen\" \/>\n<meta property=\"og:url\" content=\"https:\/\/partner.qpmarkets.com\/celinalavendar\/product\/new-earth-guidance-orakel-deck\/\" \/>\n<meta property=\"og:site_name\" content=\"Celina Lavendar\" \/>\n<meta property=\"article:modified_time\" content=\"2025-09-23T17:37:27+00:00\" \/>\n<meta property=\"og:image\" content=\"https:\/\/partner.qpmarkets.com\/celinalavendar\/wp-content\/uploads\/sites\/688\/2025\/02\/5c8f05ee37ed6e7088da1a43d12a4e0c-2.jpg\" \/>\n\t<meta property=\"og:image:width\" content=\"1080\" \/>\n\t<meta property=\"og:image:height\" content=\"1080\" \/>\n\t<meta property=\"og:image:type\" content=\"image\/jpeg\" \/>\n<meta name=\"twitter:card\" content=\"summary_large_image\" \/>\n<meta name=\"twitter:label1\" content=\"Est. reading time\" \/>\n\t<meta name=\"twitter:data1\" content=\"2 minutes\" \/>\n<script type=\"application\/ld+json\" class=\"yoast-schema-graph\">{\"@context\":\"https:\/\/schema.org\",\"@graph\":[{\"@type\":\"WebSite\",\"@id\":\"https:\/\/partner.qpmarkets.com\/celinalavendar\/#website\",\"url\":\"https:\/\/partner.qpmarkets.com\/celinalavendar\/\",\"name\":\"Celina Lavendar\",\"description\":\"Just another QP Market Network site\",\"potentialAction\":[{\"@type\":\"SearchAction\",\"target\":{\"@type\":\"EntryPoint\",\"urlTemplate\":\"https:\/\/partner.qpmarkets.com\/celinalavendar\/?s={search_term_string}\"},\"query-input\":\"required name=search_term_string\"}],\"inLanguage\":\"en-US\"},{\"@type\":\"WebPage\",\"@id\":\"https:\/\/partner.qpmarkets.com\/celinalavendar\/product\/new-earth-guidance-orakel-deck\/\",\"url\":\"https:\/\/partner.qpmarkets.com\/celinalavendar\/product\/new-earth-guidance-orakel-deck\/\",\"name\":\"New Earth Guidance Orakel Deck - Celina Lavendar\",\"isPartOf\":{\"@id\":\"https:\/\/partner.qpmarkets.com\/celinalavendar\/#website\"},\"datePublished\":\"2025-02-11T12:23:18+00:00\",\"dateModified\":\"2025-09-23T17:37:27+00:00\",\"breadcrumb\":{\"@id\":\"https:\/\/partner.qpmarkets.com\/celinalavendar\/product\/new-earth-guidance-orakel-deck\/#breadcrumb\"},\"inLanguage\":\"en-US\",\"potentialAction\":[{\"@type\":\"ReadAction\",\"target\":[\"https:\/\/partner.qpmarkets.com\/celinalavendar\/product\/new-earth-guidance-orakel-deck\/\"]}]},{\"@type\":\"BreadcrumbList\",\"@id\":\"https:\/\/partner.qpmarkets.com\/celinalavendar\/product\/new-earth-guidance-orakel-deck\/#breadcrumb\",\"itemListElement\":[{\"@type\":\"ListItem\",\"position\":1,\"name\":\"Home\",\"item\":\"https:\/\/partner.qpmarkets.com\/celinalavendar\/\"},{\"@type\":\"ListItem\",\"position\":2,\"name\":\"Shop\",\"item\":\"https:\/\/partner.qpmarkets.com\/celinalavendar\/\"},{\"@type\":\"ListItem\",\"position\":3,\"name\":\"New Earth Guidance Orakel Deck\"}]}]}<\/script>\n<!-- \/ Yoast SEO plugin. -->","yoast_head_json":{"title":"New Earth Guidance Orakel Deck - Celina Lavendar","robots":{"index":"index","follow":"follow","max-snippet":"max-snippet:-1","max-image-preview":"max-image-preview:large","max-video-preview":"max-video-preview:-1"},"canonical":"https:\/\/partner.qpmarkets.com\/celinalavendar\/product\/new-earth-guidance-orakel-deck\/","og_locale":"en_US","og_type":"article","og_title":"New Earth Guidance Orakel Deck - Celina Lavendar","og_description":"33 Orakelkarten inklusive PDF Begleitbuch zum scannen","og_url":"https:\/\/partner.qpmarkets.com\/celinalavendar\/product\/new-earth-guidance-orakel-deck\/","og_site_name":"Celina Lavendar","article_modified_time":"2025-09-23T17:37:27+00:00","og_image":[{"width":1080,"height":1080,"url":"https:\/\/partner.qpmarkets.com\/celinalavendar\/wp-content\/uploads\/sites\/688\/2025\/02\/5c8f05ee37ed6e7088da1a43d12a4e0c-2.jpg","type":"image\/jpeg"}],"twitter_card":"summary_large_image","twitter_misc":{"Est. reading time":"2 minutes"},"schema":{"@context":"https:\/\/schema.org","@graph":[{"@type":"WebSite","@id":"https:\/\/partner.qpmarkets.com\/celinalavendar\/#website","url":"https:\/\/partner.qpmarkets.com\/celinalavendar\/","name":"Celina Lavendar","description":"Just another QP Market Network site","potentialAction":[{"@type":"SearchAction","target":{"@type":"EntryPoint","urlTemplate":"https:\/\/partner.qpmarkets.com\/celinalavendar\/?s={search_term_string}"},"query-input":"required name=search_term_string"}],"inLanguage":"en-US"},{"@type":"WebPage","@id":"https:\/\/partner.qpmarkets.com\/celinalavendar\/product\/new-earth-guidance-orakel-deck\/","url":"https:\/\/partner.qpmarkets.com\/celinalavendar\/product\/new-earth-guidance-orakel-deck\/","name":"New Earth Guidance Orakel Deck - Celina Lavendar","isPartOf":{"@id":"https:\/\/partner.qpmarkets.com\/celinalavendar\/#website"},"datePublished":"2025-02-11T12:23:18+00:00","dateModified":"2025-09-23T17:37:27+00:00","breadcrumb":{"@id":"https:\/\/partner.qpmarkets.com\/celinalavendar\/product\/new-earth-guidance-orakel-deck\/#breadcrumb"},"inLanguage":"en-US","potentialAction":[{"@type":"ReadAction","target":["https:\/\/partner.qpmarkets.com\/celinalavendar\/product\/new-earth-guidance-orakel-deck\/"]}]},{"@type":"BreadcrumbList","@id":"https:\/\/partner.qpmarkets.com\/celinalavendar\/product\/new-earth-guidance-orakel-deck\/#breadcrumb","itemListElement":[{"@type":"ListItem","position":1,"name":"Home","item":"https:\/\/partner.qpmarkets.com\/celinalavendar\/"},{"@type":"ListItem","position":2,"name":"Shop","item":"https:\/\/partner.qpmarkets.com\/celinalavendar\/"},{"@type":"ListItem","position":3,"name":"New Earth Guidance Orakel Deck"}]}]}},"_links":{"self":[{"href":"https:\/\/partner.qpmarkets.com\/celinalavendar\/wp-json\/wp\/v2\/product\/20"}],"collection":[{"href":"https:\/\/partner.qpmarkets.com\/celinalavendar\/wp-json\/wp\/v2\/product"}],"about":[{"href":"https:\/\/partner.qpmarkets.com\/celinalavendar\/wp-json\/wp\/v2\/types\/product"}],"replies":[{"embeddable":true,"href":"https:\/\/partner.qpmarkets.com\/celinalavendar\/wp-json\/wp\/v2\/comments?post=20"}],"wp:featuredmedia":[{"embeddable":true,"href":"https:\/\/partner.qpmarkets.com\/celinalavendar\/wp-json\/wp\/v2\/media\/60"}],"wp:attachment":[{"href":"https:\/\/partner.qpmarkets.com\/celinalavendar\/wp-json\/wp\/v2\/media?parent=20"}],"wp:term":[{"taxonomy":"product_cat","embeddable":true,"href":"https:\/\/partner.qpmarkets.com\/celinalavendar\/wp-json\/wp\/v2\/product_cat?post=20"},{"taxonomy":"product_tag","embeddable":true,"href":"https:\/\/partner.qpmarkets.com\/celinalavendar\/wp-json\/wp\/v2\/product_tag?post=20"}],"curies":[{"name":"wp","href":"https:\/\/api.w.org\/{rel}","templated":true}]}}